{"id":39270,"date":"2024-10-22T12:33:00","date_gmt":"2024-10-22T11:33:00","guid":{"rendered":"https:\/\/www.monexeurope.eu\/es-dev\/?page_id=39270"},"modified":"2025-09-26T12:44:34","modified_gmt":"2025-09-26T11:44:34","slug":"memsv","status":"publish","type":"page","link":"https:\/\/www.monexeurope.eu\/es\/memsv\/","title":{"rendered":"MEMSV"},"content":{"rendered":"<p>[et_pb_section fb_built=\u00bb1&#8243; module_id=\u00bbblue-text\u00bb module_class=\u00bbtop-banner mini-site\u00bb _builder_version=\u00bb4.25.2&#8243; background_image=\u00bbhttps:\/\/www.monexeurope.eu\/es-dev\/wp-content\/uploads\/sites\/3\/2023\/06\/Monex-header-image4.jpg\u00bb da_disable_devices=\u00bboff|off|off\u00bb global_colors_info=\u00bb{}\u00bb da_is_popup=\u00bboff\u00bb da_exit_intent=\u00bboff\u00bb da_has_close=\u00bbon\u00bb da_alt_close=\u00bboff\u00bb da_dark_close=\u00bboff\u00bb da_not_modal=\u00bbon\u00bb da_is_singular=\u00bboff\u00bb da_with_loader=\u00bboff\u00bb da_has_shadow=\u00bbon\u00bb][et_pb_row column_structure=\u00bb1_2,1_2&#8243; _builder_version=\u00bb4.16&#8243; background_size=\u00bbinitial\u00bb background_position=\u00bbtop_left\u00bb background_repeat=\u00bbrepeat\u00bb global_colors_info=\u00bb{}\u00bb][et_pb_column type=\u00bb1_2&#8243; _builder_version=\u00bb4.16&#8243; custom_padding=\u00bb|||\u00bb global_colors_info=\u00bb{}\u00bb custom_padding__hover=\u00bb|||\u00bb][et_pb_text admin_label=\u00bbHeader image text\u00bb module_class=\u00bbmemsv-header\u00bb _builder_version=\u00bb4.27.4&#8243; text_orientation=\u00bbcenter\u00bb animation_style=\u00bbfade\u00bb global_colors_info=\u00bb{}\u00bb]<\/p>\n<h1>Monex Europe Markets S.V., S.A.U.<\/h1>\n<p>Soluciones de derivados de cambio de divisas dise\u00f1adas para dar respuesta a las necesidades de nuestros clientes, respaldadas por an\u00e1lisis expertos y estrategias de cobertura innovadoras.<\/p>\n<p>[\/et_pb_text][\/et_pb_column][et_pb_column type=\u00bb1_2&#8243; _builder_version=\u00bb4.16&#8243; custom_padding=\u00bb|||\u00bb global_colors_info=\u00bb{}\u00bb custom_padding__hover=\u00bb|||\u00bb][\/et_pb_column][\/et_pb_row][\/et_pb_section][et_pb_section fb_built=\u00bb1&#8243; _builder_version=\u00bb4.16&#8243; da_disable_devices=\u00bboff|off|off\u00bb global_colors_info=\u00bb{}\u00bb da_is_popup=\u00bboff\u00bb da_exit_intent=\u00bboff\u00bb da_has_close=\u00bbon\u00bb da_alt_close=\u00bboff\u00bb da_dark_close=\u00bboff\u00bb da_not_modal=\u00bbon\u00bb da_is_singular=\u00bboff\u00bb da_with_loader=\u00bboff\u00bb da_has_shadow=\u00bbon\u00bb][et_pb_row column_structure=\u00bb1_2,1_2&#8243; _builder_version=\u00bb4.27.0&#8243; _module_preset=\u00bbdefault\u00bb global_colors_info=\u00bb{}\u00bb][et_pb_column type=\u00bb1_2&#8243; _builder_version=\u00bb4.25.2&#8243; _module_preset=\u00bbdefault\u00bb global_colors_info=\u00bb{}\u00bb][et_pb_text admin_label=\u00bbWho we are\u00bb _builder_version=\u00bb4.27.4&#8243; _module_preset=\u00bbdefault\u00bb global_colors_info=\u00bb{}\u00bb]<\/p>\n<h2>Qui\u00e9nes Somos<\/h2>\n<p>Solo para clientes profesionales de conformidad con la definici\u00f3n de \u201ccliente profesional\u201d recogida en la Ley 6\/2023, de 17 de marzo, de los Mercados de Valores y de los Servicios de Inversi\u00f3n (\u201cLMV\u201d) y la Directiva 2014\/65\/UE del Parlamento Europeo y del Consejo, de 15 de mayo de 2014 , relativa a los mercados de instrumentos financieros y por la que se modifican la Directiva 2002\/92\/CE y la Directiva 2011\/61\/UE (\u201cMiFID II\u201d). Monex Europe Markets S.V., S.A.U. (\u201cMEMSV\u201d) es una sociedad de valores espa\u00f1ola autorizada y regulada por la Comisi\u00f3n Nacional del Mercado de Valores (\u201cCNMV\u201d) con n\u00famero de registro 321. MEMSV ofrece, entre otros, operaciones de derivados sobre divisas en un servicio de solo ejecuci\u00f3n.<\/p>\n<p>Con una gama de productos derivados sobre divisas para la gesti\u00f3n de la exposici\u00f3n a divisas y estrategias de cobertura, proporcionamos soluciones a medida teniendo en cuenta su apetito de riesgo, sus prioridades de cobertura y sus pol\u00edticas internas de tesorer\u00eda. Junto con nuestro premiado equipo de an\u00e1lisis y estructuradores de divisas, le proporcionamos informaci\u00f3n y herramientas para desarrollar estrategias innovadoras de gesti\u00f3n del riesgo.<\/p>\n<p>Para obtener m\u00e1s informaci\u00f3n sobre nuestra situaci\u00f3n reglamentaria, seguridad e informaci\u00f3n sobre liquidaci\u00f3n, haga clic a continuaci\u00f3n.<\/p>\n<p>[\/et_pb_text][et_pb_button button_url=\u00bb@ET-DC@eyJkeW5hbWljIjp0cnVlLCJjb250ZW50IjoicG9zdF9saW5rX3VybF9wYWdlIiwic2V0dGluZ3MiOnsicG9zdF9pZCI6IjM5Mzk5IiwiZW5hYmxlX2h0bWwiOiJvZmYifX0=@\u00bb button_text=\u00bbRegulaci\u00f3n\u00bb admin_label=\u00bbRegulation Button\u00bb _builder_version=\u00bb4.27.3&#8243; _dynamic_attributes=\u00bbbutton_url\u00bb _module_preset=\u00bbdefault\u00bb global_colors_info=\u00bb{}\u00bb][\/et_pb_button][\/et_pb_column][et_pb_column type=\u00bb1_2&#8243; _builder_version=\u00bb4.25.2&#8243; _module_preset=\u00bbdefault\u00bb global_colors_info=\u00bb{}\u00bb][et_pb_image src=\u00bbhttps:\/\/www.monexeurope.eu\/es-dev\/wp-content\/uploads\/sites\/3\/2024\/10\/MEMSV-Who-we-are.png\u00bb title_text=\u00bbMEMSV Who we are\u00bb _builder_version=\u00bb4.27.0&#8243; _module_preset=\u00bbdefault\u00bb global_colors_info=\u00bb{}\u00bb][\/et_pb_image][\/et_pb_column][\/et_pb_row][et_pb_row _builder_version=\u00bb4.25.2&#8243; _module_preset=\u00bbdefault\u00bb global_colors_info=\u00bb{}\u00bb][et_pb_column type=\u00bb4_4&#8243; _builder_version=\u00bb4.25.2&#8243; _module_preset=\u00bbdefault\u00bb global_colors_info=\u00bb{}\u00bb][et_pb_text admin_label=\u00bbOur Solutions\u00bb _builder_version=\u00bb4.27.4&#8243; _module_preset=\u00bbdefault\u00bb global_colors_info=\u00bb{}\u00bb]<\/p>\n<h2>Nuestros Servicios<\/h2>\n<p>Todos los contratos de derivados sobre divisas proporcionados por MEMSV son productos que constituyen \u00abinstrumentos financieros\u00bb de conformidad con MiFID II y est\u00e1n sujetos a la LMV. Estos instrumentos nos permiten ofrecer soluciones a medida para gestionar y cubrir eficazmente el riesgo de cambio de divisas de nuestros clientes profesionales, e incluyen los siguientes:<\/p>\n<ul>\n<li>Operaciones de divisas al contado o Spot<\/li>\n<li>Contratos de divisas a plazo o Forward* (incluida la posibilidad de realizar coberturas renovables para la cobertura del balance\/NAV)<\/li>\n<li>Opciones sobre divisas*<\/li>\n<li>NDF (contratos a plazo o forward no entregables)<\/li>\n<li>Permuta de divisas (Swaps)<\/li>\n<\/ul>\n<p>[\/et_pb_text][\/et_pb_column][\/et_pb_row][et_pb_row column_structure=\u00bb1_2,1_2&#8243; module_class=\u00bbrange-right\u00bb _builder_version=\u00bb4.16&#8243; global_colors_info=\u00bb{}\u00bb][et_pb_column type=\u00bb1_2&#8243; _builder_version=\u00bb4.16&#8243; custom_padding=\u00bb|||\u00bb global_colors_info=\u00bb{}\u00bb custom_padding__hover=\u00bb|||\u00bb][et_pb_image src=\u00bbhttps:\/\/www.monexeurope.eu\/es-dev\/wp-content\/uploads\/sites\/3\/2024\/10\/MEMSV-FX-hedging.png\u00bb title_text=\u00bbMEMSV FX hedging\u00bb force_fullwidth=\u00bbon\u00bb align_tablet=\u00bbcenter\u00bb align_phone=\u00bb\u00bb align_last_edited=\u00bbon|desktop\u00bb admin_label=\u00bbFX hedging solutions Image\u00bb _builder_version=\u00bb4.27.0&#8243; animation_style=\u00bbfade\u00bb global_colors_info=\u00bb{}\u00bb][\/et_pb_image][\/et_pb_column][et_pb_column type=\u00bb1_2&#8243; _builder_version=\u00bb4.16&#8243; custom_padding=\u00bb|||\u00bb global_colors_info=\u00bb{}\u00bb custom_padding__hover=\u00bb|||\u00bb][et_pb_text admin_label=\u00bbFX hedging solutions text\u00bb _builder_version=\u00bb4.27.4&#8243; global_colors_info=\u00bb{}\u00bb]<\/p>\n<h3>Soluciones de cobertura de divisas<\/h3>\n<p>El riesgo cambiario puede ser de naturaleza transaccional, traslacional o econ\u00f3mica, lo que significa que cada empresa puede beneficiarse de una pol\u00edtica de gesti\u00f3n y cobertura del riesgo cambiario adaptada. En Monex proporcionamos informaci\u00f3n y herramientas para ayudarle a crear y supervisar esta pol\u00edtica a medida que los mercados y las empresas evolucionan con el tiempo. La flexibilidad es clave, y nuestro equipo especializado puede ayudarle proporcionando datos sobre su exposici\u00f3n a las divisas y ofreciendo una cartera de instrumentos de cobertura para diversificar su enfoque. Una vez implantado, podemos proporcionar actualizaciones peri\u00f3dicas sobre el rendimiento de su programa de cobertura para ayudarle a mantenerlo alineado con sus objetivos clave y asegurarnos de que funciona seg\u00fan lo previsto.<\/p>\n<p>Tanto si desea proteger determinados tipos, participar en movimientos favorables o superar el rendimiento del mercado, ofrecemos recursos y apoyo a las empresas en cada etapa del proceso. P\u00f3ngase en contacto con su interlocutor de Monex para hablar con nuestro equipo de estructuraci\u00f3n de derivados y ver de qu\u00e9 forma podemos ayudarle.<\/p>\n<p>[\/et_pb_text][\/et_pb_column][\/et_pb_row][et_pb_row column_structure=\u00bb1_2,1_2&#8243; _builder_version=\u00bb4.16&#8243; global_colors_info=\u00bb{}\u00bb custom_css_before__hover_enabled=\u00bbon|desktop\u00bb][et_pb_column type=\u00bb1_2&#8243; _builder_version=\u00bb4.16&#8243; custom_padding=\u00bb|||\u00bb global_colors_info=\u00bb{}\u00bb custom_padding__hover=\u00bb|||\u00bb][et_pb_image src=\u00bbhttps:\/\/www.monexeurope.eu\/es-dev\/wp-content\/uploads\/sites\/3\/2021\/07\/Investment9.jpg\u00bb title_text=\u00bbInvestment9&#8243; force_fullwidth=\u00bbon\u00bb align_tablet=\u00bbcenter\u00bb align_phone=\u00bb\u00bb align_last_edited=\u00bbon|desktop\u00bb admin_label=\u00bbFX advisory Image\u00bb _builder_version=\u00bb4.16&#8243; animation_style=\u00bbfade\u00bb global_colors_info=\u00bb{}\u00bb][\/et_pb_image][\/et_pb_column][et_pb_column type=\u00bb1_2&#8243; _builder_version=\u00bb4.16&#8243; custom_padding=\u00bb|||\u00bb global_colors_info=\u00bb{}\u00bb custom_padding__hover=\u00bb|||\u00bb][et_pb_text admin_label=\u00bbFX advisory text\u00bb _builder_version=\u00bb4.27.4&#8243; global_colors_info=\u00bb{}\u00bb]<\/p>\n<h3>Estrategias de gesti\u00f3n de riesgos<\/h3>\n<p>Nuestro equipo de dealers especializados puede proporcionarle informaci\u00f3n sobre los distintos productos disponibles que mejor reflejen sus objetivos comerciales, permiti\u00e9ndole as\u00ed tomar el control de las exposiciones a divisas de su balance y cubrir su riesgo cambiario frente a futuras fluctuaciones de los tipos de cambio. Su dealer especializado est\u00e1 a su disposici\u00f3n para proporcionarle informaci\u00f3n sobre qu\u00e9 estrategia o producto de divisas se adapta mejor a sus necesidades y ayudarle a tomar decisiones informadas.<\/p>\n<p>[\/et_pb_text][\/et_pb_column][\/et_pb_row][et_pb_row column_structure=\u00bb1_2,1_2&#8243; module_class=\u00bbrange-right\u00bb _builder_version=\u00bb4.16&#8243; global_colors_info=\u00bb{}\u00bb][et_pb_column type=\u00bb1_2&#8243; _builder_version=\u00bb4.16&#8243; custom_padding=\u00bb|||\u00bb global_colors_info=\u00bb{}\u00bb custom_padding__hover=\u00bb|||\u00bb][et_pb_image src=\u00bbhttps:\/\/www.monexeurope.eu\/es-dev\/wp-content\/uploads\/sites\/3\/2024\/10\/MEMSV-NDFs.png\u00bb title_text=\u00bbMEMSV NDFs\u00bb force_fullwidth=\u00bbon\u00bb align_tablet=\u00bbcenter\u00bb align_phone=\u00bb\u00bb align_last_edited=\u00bbon|desktop\u00bb admin_label=\u00bbNDFs Image\u00bb _builder_version=\u00bb4.27.0&#8243; animation_style=\u00bbfade\u00bb global_colors_info=\u00bb{}\u00bb][\/et_pb_image][\/et_pb_column][et_pb_column type=\u00bb1_2&#8243; _builder_version=\u00bb4.16&#8243; custom_padding=\u00bb|||\u00bb global_colors_info=\u00bb{}\u00bb custom_padding__hover=\u00bb|||\u00bb][et_pb_text admin_label=\u00bbNDFs text\u00bb _builder_version=\u00bb4.27.4&#8243; global_colors_info=\u00bb{}\u00bb]<\/p>\n<h3>Contrato a plazo no entregable (NDF)<\/h3>\n<p>Un contrato a plazo no entregable (NDF) es un tipo de contrato que permite a las empresas compensar el impacto financiero de los movimientos de divisas. Un NDF se utiliza m\u00e1s habitualmente en los mercados donde los controles de divisas locales restringen la disponibilidad de los contratos a plazo est\u00e1ndar, o donde no se requieren intercambios f\u00edsicos de divisas.<\/p>\n<p>Un NDF es un contrato a plazo con liquidaci\u00f3n en efectivo. En lugar de intercambiar importes nocionales de divisas en la fecha valor, la operaci\u00f3n se cierra, lo que genera un flujo de caja positivo o negativo. El intercambio de flujo de caja suele ser directamente opuesto a la exposici\u00f3n subyacente de los clientes. Si el tipo de cambio cuando se cierra el contrato es peor que el tipo del contrato NDF, el cliente recibir\u00e1 un flujo de caja positivo para compensarlo. Si el tipo de cambio es mejor que el tipo de cambio del contrato NDF, el flujo de caja negativo lo compensar\u00e1. El beneficio de los NDF es que le permiten cubrir una exposici\u00f3n a una divisa restringida que no podr\u00eda cubrir con los m\u00e9todos tradicionales.<\/p>\n<p>[\/et_pb_text][\/et_pb_column][\/et_pb_row][et_pb_row column_structure=\u00bb1_2,1_2&#8243; _builder_version=\u00bb4.16&#8243; global_colors_info=\u00bb{}\u00bb][et_pb_column type=\u00bb1_2&#8243; _builder_version=\u00bb4.16&#8243; custom_padding=\u00bb|||\u00bb global_colors_info=\u00bb{}\u00bb custom_padding__hover=\u00bb|||\u00bb][et_pb_image src=\u00bbhttps:\/\/www.monexeurope.eu\/es-dev\/wp-content\/uploads\/sites\/3\/2021\/07\/Investment8.jpg\u00bb title_text=\u00bbInvestment8&#8243; force_fullwidth=\u00bbon\u00bb align_tablet=\u00bbcenter\u00bb align_phone=\u00bb\u00bb align_last_edited=\u00bbon|desktop\u00bb admin_label=\u00bbForwards Image\u00bb _builder_version=\u00bb4.16&#8243; animation_style=\u00bbfade\u00bb global_colors_info=\u00bb{}\u00bb][\/et_pb_image][\/et_pb_column][et_pb_column type=\u00bb1_2&#8243; _builder_version=\u00bb4.16&#8243; custom_padding=\u00bb|||\u00bb global_colors_info=\u00bb{}\u00bb custom_padding__hover=\u00bb|||\u00bb][et_pb_text admin_label=\u00bbForwards text\u00bb _builder_version=\u00bb4.27.4&#8243; global_colors_info=\u00bb{}\u00bb]<\/p>\n<h3>Contratos a plazo<\/h3>\n<p>Un contrato a plazo es un contrato OTC personalizado entre dos partes para comprar o vender un activo a un precio determinado en una fecha futura. Un contrato a plazo puede utilizarse para la cobertura o la especulaci\u00f3n, aunque su car\u00e1cter no estandarizado lo hace especialmente apto para la cobertura, incluidas la cobertura del balance de situaci\u00f3n y la cobertura de pr\u00e9stamos. Este tipo de contrato a plazo, cuyo objetivo no es facilitar un pago por bienes y servicios identificables o inversi\u00f3n directa, solo puede ser ofrecido por una sociedad de inversi\u00f3n.<\/p>\n<p>[\/et_pb_text][\/et_pb_column][\/et_pb_row][et_pb_row column_structure=\u00bb1_2,1_2&#8243; module_class=\u00bbrange-right\u00bb _builder_version=\u00bb4.16&#8243; global_colors_info=\u00bb{}\u00bb][et_pb_column type=\u00bb1_2&#8243; _builder_version=\u00bb4.16&#8243; custom_padding=\u00bb|||\u00bb global_colors_info=\u00bb{}\u00bb custom_padding__hover=\u00bb|||\u00bb][et_pb_image src=\u00bbhttps:\/\/www.monexeurope.eu\/es-dev\/wp-content\/uploads\/sites\/3\/2024\/10\/MEMSV-options.png\u00bb title_text=\u00bbMEMSV options\u00bb force_fullwidth=\u00bbon\u00bb align_tablet=\u00bbcenter\u00bb align_phone=\u00bb\u00bb align_last_edited=\u00bbon|desktop\u00bb admin_label=\u00bbImage\u00bb _builder_version=\u00bb4.27.0&#8243; animation_style=\u00bbfade\u00bb global_colors_info=\u00bb{}\u00bb][\/et_pb_image][\/et_pb_column][et_pb_column type=\u00bb1_2&#8243; _builder_version=\u00bb4.16&#8243; custom_padding=\u00bb|||\u00bb global_colors_info=\u00bb{}\u00bb custom_padding__hover=\u00bb|||\u00bb][et_pb_text admin_label=\u00bbOptions text\u00bb _builder_version=\u00bb4.27.4&#8243; global_colors_info=\u00bb{}\u00bb]<\/p>\n<h3>Contratos de opciones<\/h3>\n<p>Los contratos de opciones ofrecen flexibilidad a la hora de gestionar el riesgo de divisas, ya que otorgan al titular el derecho, pero no la obligaci\u00f3n, de comprar o vender una divisa a un tipo predeterminado en una fecha determinada o antes. Las opciones pueden adaptarse a las necesidades espec\u00edficas de cobertura, lo que permite a las empresas protegerse de los movimientos adversos de las divisas al tiempo que se benefician de los movimientos favorables.<\/p>\n<p>[\/et_pb_text][\/et_pb_column][\/et_pb_row][et_pb_row _builder_version=\u00bb4.27.0&#8243; _module_preset=\u00bbdefault\u00bb global_colors_info=\u00bb{}\u00bb][et_pb_column type=\u00bb4_4&#8243; _builder_version=\u00bb4.22.2&#8243; _module_preset=\u00bbdefault\u00bb global_colors_info=\u00bb{}\u00bb][et_pb_text admin_label=\u00bbDisclaimer\u00bb _builder_version=\u00bb4.27.4&#8243; _module_preset=\u00bbdefault\u00bb locked=\u00bboff\u00bb global_colors_info=\u00bb{}\u00bb]<\/p>\n<p class=\"asterisk\" style=\"text-align: center;font-size: 14px\">* Monex Europe Markets S.V., S.A.U. (MEMSV) es una empresa de inversi\u00f3n autorizada y regulada por la CNMV con n\u00famero de registro 321. MEMSV es una sociedad de responsabilidad an\u00f3nima unipersonal constituida en Espa\u00f1a con CIF n\u00famero A16789208. MEMSV lleva a cabo operaciones basado en un esquema de solo ejecuci\u00f3n, y los servicios est\u00e1n disponibles solo para clientes profesionales. Las opciones sobre divisas y otros productos derivados no son adecuados para todos los inversores y pueden presentar un alto nivel de riesgo para su capital. En caso necesario, deber\u00e1 buscarse asesoramiento independiente.<\/p>\n<p>[\/et_pb_text][\/et_pb_column][\/et_pb_row][\/et_pb_section][et_pb_section fb_built=\u00bb1&#8243; module_class=\u00bbbecome-client\u00bb _builder_version=\u00bb4.16&#8243; background_image=\u00bbhttps:\/\/www.monexeurope.eu\/es-dev\/wp-content\/uploads\/sites\/3\/2020\/11\/become-client6.jpg\u00bb background_enable_image=\u00bboff\u00bb custom_margin=\u00bb||||false|false\u00bb da_disable_devices=\u00bboff|off|off\u00bb global_colors_info=\u00bb{}\u00bb da_is_popup=\u00bboff\u00bb da_exit_intent=\u00bboff\u00bb da_has_close=\u00bbon\u00bb da_alt_close=\u00bboff\u00bb da_dark_close=\u00bboff\u00bb da_not_modal=\u00bbon\u00bb da_is_singular=\u00bboff\u00bb da_with_loader=\u00bboff\u00bb da_has_shadow=\u00bbon\u00bb][et_pb_row _builder_version=\u00bb4.16&#8243; background_size=\u00bbinitial\u00bb background_position=\u00bbtop_left\u00bb background_repeat=\u00bbrepeat\u00bb global_colors_info=\u00bb{}\u00bb][et_pb_column type=\u00bb4_4&#8243; _builder_version=\u00bb4.16&#8243; custom_padding=\u00bb|||\u00bb global_colors_info=\u00bb{}\u00bb custom_padding__hover=\u00bb|||\u00bb][et_pb_text admin_label=\u00bbBecome a client\u00bb _builder_version=\u00bb4.27.3&#8243; header_text_align=\u00bbcenter\u00bb text_orientation=\u00bbcenter\u00bb global_colors_info=\u00bb{}\u00bb]<\/p>\n<h2><span dir=\"auto\" style=\"vertical-align: inherit;\"><span dir=\"auto\" style=\"vertical-align: inherit;\">Convi\u00e9rtase en cliente<\/span><\/span><\/h2>\n<h5><span dir=\"auto\" style=\"vertical-align: inherit;\"><span dir=\"auto\" style=\"vertical-align: inherit;\">Para obtener m\u00e1s informaci\u00f3n sobre nuestra gama completa de servicios, p\u00f3ngase en contacto con uno de nuestros expertos especialistas en divisas llamando al +34 919 032 784<\/span><\/span><\/h5>\n<p>[\/et_pb_text][et_pb_button button_url=\u00bbhttps:\/\/eu.monexpay.com\/v2\/register-form?lang=es\u00bb url_new_window=\u00bbon\u00bb button_text=\u00bbReg\u00edstrese\u00bb admin_label=\u00bbEmail\u00bb _builder_version=\u00bb4.27.4&#8243; _module_preset=\u00bbdefault\u00bb global_colors_info=\u00bb{}\u00bb][\/et_pb_button][\/et_pb_column][\/et_pb_row][\/et_pb_section]<\/p>\n","protected":false},"excerpt":{"rendered":"<p>Monex Europe Markets S.V., S.A.U. Soluciones de derivados de cambio de divisas dise\u00f1adas para dar respuesta a las necesidades de nuestros clientes, respaldadas por an\u00e1lisis expertos y estrategias de cobertura innovadoras.Qui\u00e9nes Somos Solo para clientes profesionales de conformidad con la definici\u00f3n de \u201ccliente profesional\u201d recogida en la Ley 6\/2023, de 17 de marzo, de los [&hellip;]<\/p>\n","protected":false},"author":2,"featured_media":0,"parent":0,"menu_order":0,"comment_status":"closed","ping_status":"closed","template":"","meta":{"_acf_changed":false,"_et_pb_use_builder":"on","_et_pb_old_content":"","_et_gb_content_width":"","footnotes":""},"class_list":["post-39270","page","type-page","status-publish","hentry"],"acf":[],"yoast_head":"<!-- This site is optimized with the Yoast SEO plugin v27.6 - https:\/\/yoast.com\/product\/yoast-seo-wordpress\/ -->\n<title>Monex Europe Markets S.V., S.A.U.<\/title>\n<meta name=\"robots\" content=\"index, follow, max-snippet:-1, max-image-preview:large, max-video-preview:-1\" \/>\n<link rel=\"canonical\" href=\"https:\/\/www.monexeurope.eu\/es\/memsv\/\" \/>\n<meta property=\"og:locale\" content=\"es_ES\" \/>\n<meta property=\"og:type\" content=\"article\" \/>\n<meta property=\"og:title\" content=\"Monex Europe Markets S.V., S.A.U.\" \/>\n<meta property=\"og:description\" content=\"Monex Europe Markets S.V., S.A.U. Soluciones de derivados de cambio de divisas dise\u00f1adas para dar respuesta a las necesidades de nuestros clientes, respaldadas por an\u00e1lisis expertos y estrategias de cobertura innovadoras.Qui\u00e9nes Somos Solo para clientes profesionales de conformidad con la definici\u00f3n de \u201ccliente profesional\u201d recogida en la Ley 6\/2023, de 17 de marzo, de los [&hellip;]\" \/>\n<meta property=\"og:url\" content=\"https:\/\/www.monexeurope.eu\/es\/memsv\/\" \/>\n<meta property=\"og:site_name\" content=\"Monex Europe S.A. - Spanish\" \/>\n<meta property=\"article:modified_time\" content=\"2025-09-26T11:44:34+00:00\" \/>\n<meta name=\"twitter:card\" content=\"summary_large_image\" \/>\n<meta name=\"twitter:label1\" content=\"Tiempo de lectura\" \/>\n\t<meta name=\"twitter:data1\" content=\"7 minutos\" \/>\n<script type=\"application\/ld+json\" class=\"yoast-schema-graph\">{\"@context\":\"https:\\\/\\\/schema.org\",\"@graph\":[{\"@type\":\"WebPage\",\"@id\":\"https:\\\/\\\/www.monexeurope.eu\\\/es\\\/memsv\\\/\",\"url\":\"https:\\\/\\\/www.monexeurope.eu\\\/es\\\/memsv\\\/\",\"name\":\"Monex Europe Markets S.V., S.A.U.\",\"isPartOf\":{\"@id\":\"https:\\\/\\\/www.monexeurope.eu\\\/es\\\/#website\"},\"datePublished\":\"2024-10-22T11:33:00+00:00\",\"dateModified\":\"2025-09-26T11:44:34+00:00\",\"breadcrumb\":{\"@id\":\"https:\\\/\\\/www.monexeurope.eu\\\/es\\\/memsv\\\/#breadcrumb\"},\"inLanguage\":\"es\",\"potentialAction\":[{\"@type\":\"ReadAction\",\"target\":[\"https:\\\/\\\/www.monexeurope.eu\\\/es\\\/memsv\\\/\"]}]},{\"@type\":\"BreadcrumbList\",\"@id\":\"https:\\\/\\\/www.monexeurope.eu\\\/es\\\/memsv\\\/#breadcrumb\",\"itemListElement\":[{\"@type\":\"ListItem\",\"position\":1,\"name\":\"Home\",\"item\":\"https:\\\/\\\/www.monexeurope.eu\\\/es\\\/\"},{\"@type\":\"ListItem\",\"position\":2,\"name\":\"MEMSV\"}]},{\"@type\":\"WebSite\",\"@id\":\"https:\\\/\\\/www.monexeurope.eu\\\/es\\\/#website\",\"url\":\"https:\\\/\\\/www.monexeurope.eu\\\/es\\\/\",\"name\":\"Monex Europe S.A. - Spanish\",\"description\":\"Just another My Sites site.\",\"potentialAction\":[{\"@type\":\"SearchAction\",\"target\":{\"@type\":\"EntryPoint\",\"urlTemplate\":\"https:\\\/\\\/www.monexeurope.eu\\\/es\\\/?s={search_term_string}\"},\"query-input\":{\"@type\":\"PropertyValueSpecification\",\"valueRequired\":true,\"valueName\":\"search_term_string\"}}],\"inLanguage\":\"es\"}]}<\/script>\n<!-- \/ Yoast SEO plugin. -->","yoast_head_json":{"title":"Monex Europe Markets S.V., S.A.U.","robots":{"index":"index","follow":"follow","max-snippet":"max-snippet:-1","max-image-preview":"max-image-preview:large","max-video-preview":"max-video-preview:-1"},"canonical":"https:\/\/www.monexeurope.eu\/es\/memsv\/","og_locale":"es_ES","og_type":"article","og_title":"Monex Europe Markets S.V., S.A.U.","og_description":"Monex Europe Markets S.V., S.A.U. Soluciones de derivados de cambio de divisas dise\u00f1adas para dar respuesta a las necesidades de nuestros clientes, respaldadas por an\u00e1lisis expertos y estrategias de cobertura innovadoras.Qui\u00e9nes Somos Solo para clientes profesionales de conformidad con la definici\u00f3n de \u201ccliente profesional\u201d recogida en la Ley 6\/2023, de 17 de marzo, de los [&hellip;]","og_url":"https:\/\/www.monexeurope.eu\/es\/memsv\/","og_site_name":"Monex Europe S.A. - Spanish","article_modified_time":"2025-09-26T11:44:34+00:00","twitter_card":"summary_large_image","twitter_misc":{"Tiempo de lectura":"7 minutos"},"schema":{"@context":"https:\/\/schema.org","@graph":[{"@type":"WebPage","@id":"https:\/\/www.monexeurope.eu\/es\/memsv\/","url":"https:\/\/www.monexeurope.eu\/es\/memsv\/","name":"Monex Europe Markets S.V., S.A.U.","isPartOf":{"@id":"https:\/\/www.monexeurope.eu\/es\/#website"},"datePublished":"2024-10-22T11:33:00+00:00","dateModified":"2025-09-26T11:44:34+00:00","breadcrumb":{"@id":"https:\/\/www.monexeurope.eu\/es\/memsv\/#breadcrumb"},"inLanguage":"es","potentialAction":[{"@type":"ReadAction","target":["https:\/\/www.monexeurope.eu\/es\/memsv\/"]}]},{"@type":"BreadcrumbList","@id":"https:\/\/www.monexeurope.eu\/es\/memsv\/#breadcrumb","itemListElement":[{"@type":"ListItem","position":1,"name":"Home","item":"https:\/\/www.monexeurope.eu\/es\/"},{"@type":"ListItem","position":2,"name":"MEMSV"}]},{"@type":"WebSite","@id":"https:\/\/www.monexeurope.eu\/es\/#website","url":"https:\/\/www.monexeurope.eu\/es\/","name":"Monex Europe S.A. - Spanish","description":"Just another My Sites site.","potentialAction":[{"@type":"SearchAction","target":{"@type":"EntryPoint","urlTemplate":"https:\/\/www.monexeurope.eu\/es\/?s={search_term_string}"},"query-input":{"@type":"PropertyValueSpecification","valueRequired":true,"valueName":"search_term_string"}}],"inLanguage":"es"}]}},"publishpress_future_action":{"enabled":false,"date":"2026-06-13 13:20:40","action":"change-status","newStatus":"draft","terms":[],"taxonomy":"","extraData":[]},"publishpress_future_workflow_manual_trigger":{"enabledWorkflows":[]},"_links":{"self":[{"href":"https:\/\/www.monexeurope.eu\/es\/wp-json\/wp\/v2\/pages\/39270","targetHints":{"allow":["GET"]}}],"collection":[{"href":"https:\/\/www.monexeurope.eu\/es\/wp-json\/wp\/v2\/pages"}],"about":[{"href":"https:\/\/www.monexeurope.eu\/es\/wp-json\/wp\/v2\/types\/page"}],"author":[{"embeddable":true,"href":"https:\/\/www.monexeurope.eu\/es\/wp-json\/wp\/v2\/users\/2"}],"replies":[{"embeddable":true,"href":"https:\/\/www.monexeurope.eu\/es\/wp-json\/wp\/v2\/comments?post=39270"}],"version-history":[{"count":10,"href":"https:\/\/www.monexeurope.eu\/es\/wp-json\/wp\/v2\/pages\/39270\/revisions"}],"predecessor-version":[{"id":40139,"href":"https:\/\/www.monexeurope.eu\/es\/wp-json\/wp\/v2\/pages\/39270\/revisions\/40139"}],"wp:attachment":[{"href":"https:\/\/www.monexeurope.eu\/es\/wp-json\/wp\/v2\/media?parent=39270"}],"curies":[{"name":"wp","href":"https:\/\/api.w.org\/{rel}","templated":true}]}}