{"id":39213,"date":"2024-10-22T11:39:31","date_gmt":"2024-10-22T10:39:31","guid":{"rendered":"https:\/\/www.monexeurope.eu\/es-dev\/?page_id=39213"},"modified":"2025-08-15T11:39:20","modified_gmt":"2025-08-15T10:39:20","slug":"mesl","status":"publish","type":"page","link":"https:\/\/www.monexeurope.eu\/es\/mesl\/","title":{"rendered":"Monex Europa S.L."},"content":{"rendered":"<p>[et_pb_section fb_built=\u00bb1&#8243; module_id=\u00bbblue-text\u00bb module_class=\u00bbtop-banner mini-site\u00bb _builder_version=\u00bb4.25.2&#8243; background_image=\u00bbhttps:\/\/www.monexeurope.eu\/es-dev\/wp-content\/uploads\/sites\/3\/2023\/06\/Monex-header-image4.jpg\u00bb background_position=\u00bbtop_center\u00bb da_disable_devices=\u00bboff|off|off\u00bb global_colors_info=\u00bb{}\u00bb da_is_popup=\u00bboff\u00bb da_exit_intent=\u00bboff\u00bb da_has_close=\u00bbon\u00bb da_alt_close=\u00bboff\u00bb da_dark_close=\u00bboff\u00bb da_not_modal=\u00bbon\u00bb da_is_singular=\u00bboff\u00bb da_with_loader=\u00bboff\u00bb da_has_shadow=\u00bbon\u00bb][et_pb_row column_structure=\u00bb1_2,1_2&#8243; _builder_version=\u00bb4.16&#8243; background_size=\u00bbinitial\u00bb background_position=\u00bbtop_left\u00bb background_repeat=\u00bbrepeat\u00bb global_colors_info=\u00bb{}\u00bb][et_pb_column type=\u00bb1_2&#8243; _builder_version=\u00bb4.16&#8243; custom_padding=\u00bb|||\u00bb global_colors_info=\u00bb{}\u00bb custom_padding__hover=\u00bb|||\u00bb][et_pb_text admin_label=\u00bbCommercial FX Products\u00bb _builder_version=\u00bb4.27.2&#8243; text_orientation=\u00bbcenter\u00bb animation_style=\u00bbfade\u00bb global_colors_info=\u00bb{}\u00bb]<\/p>\n<h1>Monex Europa S.L.<\/h1>\n<p>Ofrecemos una gama de servicios de pagos corporativos y cambio de divisas para clientes con sede en Europa.<\/p>\n<p>[\/et_pb_text][\/et_pb_column][et_pb_column type=\u00bb1_2&#8243; _builder_version=\u00bb4.16&#8243; custom_padding=\u00bb|||\u00bb global_colors_info=\u00bb{}\u00bb custom_padding__hover=\u00bb|||\u00bb][\/et_pb_column][\/et_pb_row][\/et_pb_section][et_pb_section fb_built=\u00bb1&#8243; _builder_version=\u00bb4.16&#8243; da_disable_devices=\u00bboff|off|off\u00bb global_colors_info=\u00bb{}\u00bb da_is_popup=\u00bboff\u00bb da_exit_intent=\u00bboff\u00bb da_has_close=\u00bbon\u00bb da_alt_close=\u00bboff\u00bb da_dark_close=\u00bboff\u00bb da_not_modal=\u00bbon\u00bb da_is_singular=\u00bboff\u00bb da_with_loader=\u00bboff\u00bb da_has_shadow=\u00bbon\u00bb][et_pb_row column_structure=\u00bb1_2,1_2&#8243; _builder_version=\u00bb4.27.0&#8243; _module_preset=\u00bbdefault\u00bb global_colors_info=\u00bb{}\u00bb][et_pb_column type=\u00bb1_2&#8243; _builder_version=\u00bb4.25.2&#8243; _module_preset=\u00bbdefault\u00bb global_colors_info=\u00bb{}\u00bb][et_pb_text admin_label=\u00bbWho we are\u00bb _builder_version=\u00bb4.27.3&#8243; _module_preset=\u00bbdefault\u00bb global_colors_info=\u00bb{}\u00bb]<\/p>\n<h2>Qui\u00e9nes Somos\u200b<\/h2>\n<p>Con sede en Espa\u00f1a y perteneciente al grupo Monex, Monex Europa S.L. es una empresa especializada en el cambio de divisas, autorizada y regulada por el Banco de Espa\u00f1a como instituci\u00f3n de pago. Nuestro objetivo es ofrecer soluciones de divisas dise\u00f1adas para ayudar a nuestros clientes a optimizar su tesorer\u00eda gestionando el flujo de caja y los riesgos cambiarios con total protecci\u00f3n de sus m\u00e1rgenes comerciales.<\/p>\n<p>Para obtener m\u00e1s informaci\u00f3n sobre nuestra situaci\u00f3n reglamentaria, seguridad e informaci\u00f3n sobre liquidaci\u00f3n, haga clic a continuaci\u00f3n.<\/p>\n<p>[\/et_pb_text][et_pb_button button_url=\u00bb@ET-DC@eyJkeW5hbWljIjp0cnVlLCJjb250ZW50IjoicG9zdF9saW5rX3VybF9wYWdlIiwic2V0dGluZ3MiOnsicG9zdF9pZCI6IjM5Mzc4IiwiZW5hYmxlX2h0bWwiOiJvZmYifX0=@\u00bb button_text=\u00bbRegulaci\u00f3n\u00bb admin_label=\u00bbRegulation Button\u00bb _builder_version=\u00bb4.27.2&#8243; _dynamic_attributes=\u00bbbutton_url\u00bb _module_preset=\u00bbdefault\u00bb global_colors_info=\u00bb{}\u00bb][\/et_pb_button][\/et_pb_column][et_pb_column type=\u00bb1_2&#8243; _builder_version=\u00bb4.25.2&#8243; _module_preset=\u00bbdefault\u00bb global_colors_info=\u00bb{}\u00bb][et_pb_image src=\u00bbhttps:\/\/www.monexeurope.eu\/es-dev\/wp-content\/uploads\/sites\/3\/2024\/10\/Torre-Picasso.png\u00bb title_text=\u00bbTorre Picasso\u00bb _builder_version=\u00bb4.27.0&#8243; _module_preset=\u00bbdefault\u00bb global_colors_info=\u00bb{}\u00bb][\/et_pb_image][\/et_pb_column][\/et_pb_row][et_pb_row _builder_version=\u00bb4.25.2&#8243; _module_preset=\u00bbdefault\u00bb global_colors_info=\u00bb{}\u00bb][et_pb_column type=\u00bb4_4&#8243; _builder_version=\u00bb4.25.2&#8243; _module_preset=\u00bbdefault\u00bb global_colors_info=\u00bb{}\u00bb][et_pb_text admin_label=\u00bbOur Services\u00bb _builder_version=\u00bb4.27.2&#8243; global_colors_info=\u00bb{}\u00bb]<\/p>\n<h2>Nuestros Servicios<\/h2>\n<p>[\/et_pb_text][\/et_pb_column][\/et_pb_row][et_pb_row column_structure=\u00bb1_2,1_2&#8243; _builder_version=\u00bb4.16&#8243; global_colors_info=\u00bb{}\u00bb][et_pb_column type=\u00bb1_2&#8243; _builder_version=\u00bb4.16&#8243; custom_padding=\u00bb|||\u00bb global_colors_info=\u00bb{}\u00bb custom_padding__hover=\u00bb|||\u00bb][et_pb_image src=\u00bbhttps:\/\/www.monexeurope.eu\/es-dev\/wp-content\/uploads\/sites\/3\/2024\/10\/1024-x-800.png\u00bb title_text=\u00bb1024 x 800&#8243; force_fullwidth=\u00bbon\u00bb align_tablet=\u00bbcenter\u00bb align_phone=\u00bb\u00bb align_last_edited=\u00bbon|desktop\u00bb _builder_version=\u00bb4.27.0&#8243; animation_style=\u00bbfade\u00bb global_colors_info=\u00bb{}\u00bb][\/et_pb_image][\/et_pb_column][et_pb_column type=\u00bb1_2&#8243; _builder_version=\u00bb4.16&#8243; custom_padding=\u00bb|||\u00bb global_colors_info=\u00bb{}\u00bb custom_padding__hover=\u00bb|||\u00bb][et_pb_text admin_label=\u00bbSpot &#038; Margin credit\u00bb _builder_version=\u00bb4.27.2&#8243; global_colors_info=\u00bb{}\u00bb]<\/p>\n<h3>Spot (al contado)<\/h3>\n<p>Una operaci\u00f3n de divisas al contado es un intercambio directo de divisas. Utilizando tipos de cambio en tiempo real, ofrecemos servicios confidenciales de transacciones de divisas en el mismo d\u00eda, al d\u00eda siguiente y al contado en m\u00e1s de 60 divisas diferentes. Accedemos a m\u00faltiples fuentes de liquidez para asegurar que contamos con los mejores tipos de cambio, y ofrecemos a nuestros clientes un servicio de ejecuci\u00f3n ininterrumpida, y una liquidaci\u00f3n r\u00e1pida y segura.<\/p>\n<p>&nbsp;<\/p>\n<h3>Acuerdos de margen<\/h3>\n<p>Como parte de nuestra oferta de divisas para empresas, podemos acuerdos de margen a los clientes que deseen protegerse hasta un periodo de 5 a\u00f1os. Con sujeci\u00f3n a la solvencia, estos servicios financieros de dep\u00f3sitos en garant\u00eda pueden reducir o eliminar el requisito de ejecutar un margen inicial o de variaci\u00f3n con nosotros que de otro modo ser\u00eda necesario para cualquier contrato a plazo.<\/p>\n<p>[\/et_pb_text][\/et_pb_column][\/et_pb_row][et_pb_row column_structure=\u00bb1_2,1_2&#8243; module_class=\u00bbrange-right\u00bb _builder_version=\u00bb4.16&#8243; global_colors_info=\u00bb{}\u00bb][et_pb_column type=\u00bb1_2&#8243; _builder_version=\u00bb4.16&#8243; custom_padding=\u00bb|||\u00bb global_colors_info=\u00bb{}\u00bb custom_padding__hover=\u00bb|||\u00bb][et_pb_image src=\u00bbhttps:\/\/www.monexeurope.eu\/es-dev\/wp-content\/uploads\/sites\/3\/2024\/10\/1024-x-600.png\u00bb title_text=\u00bb1024 x 600&#8243; force_fullwidth=\u00bbon\u00bb align_tablet=\u00bbcenter\u00bb align_phone=\u00bb\u00bb align_last_edited=\u00bbon|desktop\u00bb _builder_version=\u00bb4.27.0&#8243; animation_style=\u00bbfade\u00bb global_colors_info=\u00bb{}\u00bb][\/et_pb_image][\/et_pb_column][et_pb_column type=\u00bb1_2&#8243; _builder_version=\u00bb4.16&#8243; custom_padding=\u00bb|||\u00bb global_colors_info=\u00bb{}\u00bb custom_padding__hover=\u00bb|||\u00bb][et_pb_text admin_label=\u00bbDeliverable forwards\u00bb _builder_version=\u00bb4.27.2&#8243; global_colors_info=\u00bb{}\u00bb]<\/p>\n<h3>Contratos a plazo entregables<\/h3>\n<p>Monex Europa S.L. ofrece contratos a plazo entregables OTC (extraburs\u00e1tiles) para realizar pagos relacionados con las divisas por bienes identificables, servicios o inversi\u00f3n directa.<\/p>\n<p>Los contratos a plazo pueden ser una soluci\u00f3n eficaz para mitigar el riesgo cambiario, ya que proporcionan seguridad y flexibilidad en los costes comerciales, como las n\u00f3minas internacionales, las facturas al extranjero y las transferencias entre empresas. Un contrato a plazo:<\/p>\n<ul>\n<li>Fija el valor de los futuros pagos y recibos internacionales.<\/li>\n<li>Protege los m\u00e1rgenes de beneficios, flujos de efectivo o el resultado neto de las fluctuaciones monetarias.<\/li>\n<\/ul>\n<p>[\/et_pb_text][\/et_pb_column][\/et_pb_row][et_pb_row column_structure=\u00bb1_2,1_2&#8243; _builder_version=\u00bb4.16&#8243; global_colors_info=\u00bb{}\u00bb][et_pb_column type=\u00bb1_2&#8243; _builder_version=\u00bb4.16&#8243; custom_padding=\u00bb|||\u00bb global_colors_info=\u00bb{}\u00bb custom_padding__hover=\u00bb|||\u00bb][et_pb_image src=\u00bbhttps:\/\/www.monexeurope.eu\/es-dev\/wp-content\/uploads\/sites\/3\/2024\/10\/1024-X-700-2.png\u00bb title_text=\u00bb1024 X 700 (2)\u00bb force_fullwidth=\u00bbon\u00bb align_tablet=\u00bbcenter\u00bb align_phone=\u00bb\u00bb align_last_edited=\u00bbon|desktop\u00bb _builder_version=\u00bb4.27.0&#8243; animation_style=\u00bbfade\u00bb global_colors_info=\u00bb{}\u00bb][\/et_pb_image][\/et_pb_column][et_pb_column type=\u00bb1_2&#8243; _builder_version=\u00bb4.16&#8243; custom_padding=\u00bb|||\u00bb global_colors_info=\u00bb{}\u00bb custom_padding__hover=\u00bb|||\u00bb][et_pb_text admin_label=\u00bbMarket orders\u00bb _builder_version=\u00bb4.27.2&#8243; global_colors_info=\u00bb{}\u00bb]<\/p>\n<h3>\u00d3rdenes de mercado<\/h3>\n<p>Una orden de mercado es una orden para comprar\/vender una cantidad espec\u00edfica de divisas a un tipo de cambio predeterminado que no se puede conseguir en ese momento. Esto le permite seguir con su trabajo diario y aprovechar los movimientos del mercado sin tener que estar pendiente de los mercados durante todo el d\u00eda. Tambi\u00e9n le permite aprovechar cualquier volatilidad o falta de liquidez repentina de la que puede no percatarse durante el horario comercial habitual. Monex ofrece dos tipos principales de \u00f3rdenes de mercado: \u00f3rdenes a precio limitado y l\u00edmites de p\u00e9rdidas.<\/p>\n<p>[\/et_pb_text][\/et_pb_column][\/et_pb_row][et_pb_row column_structure=\u00bb1_2,1_2&#8243; _builder_version=\u00bb4.16&#8243; global_colors_info=\u00bb{}\u00bb][et_pb_column type=\u00bb1_2&#8243; _builder_version=\u00bb4.16&#8243; custom_padding=\u00bb|||\u00bb global_colors_info=\u00bb{}\u00bb custom_padding__hover=\u00bb|||\u00bb][et_pb_text admin_label=\u00bbGlobal Payments\u00bb _builder_version=\u00bb4.27.2&#8243; global_colors_info=\u00bb{}\u00bb]<\/p>\n<h3>Pagos Globales<\/h3>\n<p>Nuestra intuitiva plataforma Monex Pay, disponible 24\/7 en versi\u00f3n para ordenadores, tabletas y dispositivos m\u00f3viles, le ofrece un control total de los movimientos de su cuenta, con la posibilidad de enviar instrucciones de pago, a\u00f1adir datos bancarios y consultar la actividad comercial. Al permitir transacciones r\u00e1pidas de divisas al d\u00eda, al contado y a plazo a m\u00e1s de 100 pa\u00edses utilizando tipos de cambio en tiempo real, Monex Pay facilitar\u00e1 la ejecuci\u00f3n de sus pagos y operaciones con solo unos clics.<\/p>\n<p>[\/et_pb_text][et_pb_button button_url=\u00bb@ET-DC@eyJkeW5hbWljIjp0cnVlLCJjb250ZW50IjoicG9zdF9saW5rX3VybF9wYWdlIiwic2V0dGluZ3MiOnsicG9zdF9pZCI6IjM5Mzg2IiwiZW5hYmxlX2h0bWwiOiJvZmYifX0=@\u00bb button_text=\u00bbM\u00e1s informaci\u00f3n\u00bb _builder_version=\u00bb4.27.2&#8243; _dynamic_attributes=\u00bbbutton_url\u00bb _module_preset=\u00bbdefault\u00bb global_colors_info=\u00bb{}\u00bb][\/et_pb_button][\/et_pb_column][et_pb_column type=\u00bb1_2&#8243; _builder_version=\u00bb4.16&#8243; custom_padding=\u00bb|||\u00bb global_colors_info=\u00bb{}\u00bb custom_padding__hover=\u00bb|||\u00bb][et_pb_image src=\u00bbhttps:\/\/www.monexeurope.eu\/es-dev\/wp-content\/uploads\/sites\/3\/2024\/10\/1024-x-600-1.png\u00bb title_text=\u00bb1024 x 600 (1)\u00bb force_fullwidth=\u00bbon\u00bb align_tablet=\u00bbcenter\u00bb align_phone=\u00bb\u00bb align_last_edited=\u00bbon|desktop\u00bb _builder_version=\u00bb4.27.0&#8243; animation_style=\u00bbfade\u00bb global_colors_info=\u00bb{}\u00bb][\/et_pb_image][\/et_pb_column][\/et_pb_row][\/et_pb_section][et_pb_section fb_built=\u00bb1&#8243; module_class=\u00bbbecome-client\u00bb _builder_version=\u00bb4.27.2&#8243; background_image=\u00bbhttps:\/\/www.monexeurope.eu\/es-dev\/wp-content\/uploads\/sites\/3\/2020\/11\/become-client6.jpg\u00bb background_enable_image=\u00bboff\u00bb custom_margin=\u00bb||||false|false\u00bb da_disable_devices=\u00bboff|off|off\u00bb global_colors_info=\u00bb{}\u00bb da_is_popup=\u00bboff\u00bb da_exit_intent=\u00bboff\u00bb da_has_close=\u00bbon\u00bb da_alt_close=\u00bboff\u00bb da_dark_close=\u00bboff\u00bb da_not_modal=\u00bbon\u00bb da_is_singular=\u00bboff\u00bb da_with_loader=\u00bboff\u00bb da_has_shadow=\u00bbon\u00bb][et_pb_row _builder_version=\u00bb4.27.2&#8243; _module_preset=\u00bbdefault\u00bb global_colors_info=\u00bb{}\u00bb][et_pb_column type=\u00bb4_4&#8243; _builder_version=\u00bb4.27.2&#8243; _module_preset=\u00bbdefault\u00bb global_colors_info=\u00bb{}\u00bb][et_pb_text admin_label=\u00bbBecome a client\u00bb _builder_version=\u00bb4.27.4&#8243; header_text_align=\u00bbcenter\u00bb text_orientation=\u00bbcenter\u00bb hover_enabled=\u00bb0&#8243; global_colors_info=\u00bb{}\u00bb sticky_enabled=\u00bb0&#8243;]<\/p>\n<h2>Convi\u00e9rtase en cliente\u200b<\/h2>\n<h5><span style=\"color: #009cde;\">Para obtener m\u00e1s informaci\u00f3n sobre nuestra gama completa de servicios, p\u00f3ngase en contacto con uno de nuestros expertos especialistas en divisas llamando al +34 911 430 020<\/span><\/h5>\n<p>[\/et_pb_text][et_pb_button button_url=\u00bbhttps:\/\/eu.monexpay.com\/v2\/register-form?lang=es\u00bb url_new_window=\u00bbon\u00bb button_text=\u00bbReg\u00edstrese\u00bb admin_label=\u00bbEmail\u00bb _builder_version=\u00bb4.27.4&#8243; _module_preset=\u00bbdefault\u00bb global_colors_info=\u00bb{}\u00bb][\/et_pb_button][\/et_pb_column][\/et_pb_row][\/et_pb_section]<\/p>\n","protected":false},"excerpt":{"rendered":"<p>Monex Europa S.L. Ofrecemos una gama de servicios de pagos corporativos y cambio de divisas para clientes con sede en Europa.Qui\u00e9nes Somos\u200b Con sede en Espa\u00f1a y perteneciente al grupo Monex, Monex Europa S.L. es una empresa especializada en el cambio de divisas, autorizada y regulada por el Banco de Espa\u00f1a como instituci\u00f3n de pago. [&hellip;]<\/p>\n","protected":false},"author":2,"featured_media":0,"parent":0,"menu_order":0,"comment_status":"closed","ping_status":"closed","template":"","meta":{"_acf_changed":false,"_et_pb_use_builder":"on","_et_pb_old_content":"","_et_gb_content_width":"","footnotes":""},"class_list":["post-39213","page","type-page","status-publish","hentry"],"acf":[],"yoast_head":"<!-- This site is optimized with the Yoast SEO plugin v27.4 - https:\/\/yoast.com\/product\/yoast-seo-wordpress\/ -->\n<title>Monex Europa S.L.<\/title>\n<meta name=\"robots\" content=\"index, follow, max-snippet:-1, max-image-preview:large, max-video-preview:-1\" \/>\n<link rel=\"canonical\" href=\"https:\/\/www.monexeurope.eu\/es\/mesl\/\" \/>\n<meta property=\"og:locale\" content=\"es_ES\" \/>\n<meta property=\"og:type\" content=\"article\" \/>\n<meta property=\"og:title\" content=\"Monex Europa S.L.\" \/>\n<meta property=\"og:description\" content=\"Monex Europa S.L. Ofrecemos una gama de servicios de pagos corporativos y cambio de divisas para clientes con sede en Europa.Qui\u00e9nes Somos\u200b Con sede en Espa\u00f1a y perteneciente al grupo Monex, Monex Europa S.L. es una empresa especializada en el cambio de divisas, autorizada y regulada por el Banco de Espa\u00f1a como instituci\u00f3n de pago. [&hellip;]\" \/>\n<meta property=\"og:url\" content=\"https:\/\/www.monexeurope.eu\/es\/mesl\/\" \/>\n<meta property=\"og:site_name\" content=\"Monex Europe S.A. - Spanish\" \/>\n<meta property=\"article:modified_time\" content=\"2025-08-15T10:39:20+00:00\" \/>\n<meta name=\"twitter:card\" content=\"summary_large_image\" \/>\n<meta name=\"twitter:label1\" content=\"Tiempo de lectura\" \/>\n\t<meta name=\"twitter:data1\" content=\"4 minutos\" \/>\n<script type=\"application\/ld+json\" class=\"yoast-schema-graph\">{\"@context\":\"https:\\\/\\\/schema.org\",\"@graph\":[{\"@type\":\"WebPage\",\"@id\":\"https:\\\/\\\/www.monexeurope.eu\\\/es\\\/mesl\\\/\",\"url\":\"https:\\\/\\\/www.monexeurope.eu\\\/es\\\/mesl\\\/\",\"name\":\"Monex Europa S.L.\",\"isPartOf\":{\"@id\":\"https:\\\/\\\/www.monexeurope.eu\\\/es\\\/#website\"},\"datePublished\":\"2024-10-22T10:39:31+00:00\",\"dateModified\":\"2025-08-15T10:39:20+00:00\",\"breadcrumb\":{\"@id\":\"https:\\\/\\\/www.monexeurope.eu\\\/es\\\/mesl\\\/#breadcrumb\"},\"inLanguage\":\"es\",\"potentialAction\":[{\"@type\":\"ReadAction\",\"target\":[\"https:\\\/\\\/www.monexeurope.eu\\\/es\\\/mesl\\\/\"]}]},{\"@type\":\"BreadcrumbList\",\"@id\":\"https:\\\/\\\/www.monexeurope.eu\\\/es\\\/mesl\\\/#breadcrumb\",\"itemListElement\":[{\"@type\":\"ListItem\",\"position\":1,\"name\":\"Home\",\"item\":\"https:\\\/\\\/www.monexeurope.eu\\\/es\\\/\"},{\"@type\":\"ListItem\",\"position\":2,\"name\":\"Monex Europa S.L.\"}]},{\"@type\":\"WebSite\",\"@id\":\"https:\\\/\\\/www.monexeurope.eu\\\/es\\\/#website\",\"url\":\"https:\\\/\\\/www.monexeurope.eu\\\/es\\\/\",\"name\":\"Monex Europe S.A. - Spanish\",\"description\":\"Just another My Sites site.\",\"potentialAction\":[{\"@type\":\"SearchAction\",\"target\":{\"@type\":\"EntryPoint\",\"urlTemplate\":\"https:\\\/\\\/www.monexeurope.eu\\\/es\\\/?s={search_term_string}\"},\"query-input\":{\"@type\":\"PropertyValueSpecification\",\"valueRequired\":true,\"valueName\":\"search_term_string\"}}],\"inLanguage\":\"es\"}]}<\/script>\n<!-- \/ Yoast SEO plugin. -->","yoast_head_json":{"title":"Monex Europa S.L.","robots":{"index":"index","follow":"follow","max-snippet":"max-snippet:-1","max-image-preview":"max-image-preview:large","max-video-preview":"max-video-preview:-1"},"canonical":"https:\/\/www.monexeurope.eu\/es\/mesl\/","og_locale":"es_ES","og_type":"article","og_title":"Monex Europa S.L.","og_description":"Monex Europa S.L. Ofrecemos una gama de servicios de pagos corporativos y cambio de divisas para clientes con sede en Europa.Qui\u00e9nes Somos\u200b Con sede en Espa\u00f1a y perteneciente al grupo Monex, Monex Europa S.L. es una empresa especializada en el cambio de divisas, autorizada y regulada por el Banco de Espa\u00f1a como instituci\u00f3n de pago. [&hellip;]","og_url":"https:\/\/www.monexeurope.eu\/es\/mesl\/","og_site_name":"Monex Europe S.A. - Spanish","article_modified_time":"2025-08-15T10:39:20+00:00","twitter_card":"summary_large_image","twitter_misc":{"Tiempo de lectura":"4 minutos"},"schema":{"@context":"https:\/\/schema.org","@graph":[{"@type":"WebPage","@id":"https:\/\/www.monexeurope.eu\/es\/mesl\/","url":"https:\/\/www.monexeurope.eu\/es\/mesl\/","name":"Monex Europa S.L.","isPartOf":{"@id":"https:\/\/www.monexeurope.eu\/es\/#website"},"datePublished":"2024-10-22T10:39:31+00:00","dateModified":"2025-08-15T10:39:20+00:00","breadcrumb":{"@id":"https:\/\/www.monexeurope.eu\/es\/mesl\/#breadcrumb"},"inLanguage":"es","potentialAction":[{"@type":"ReadAction","target":["https:\/\/www.monexeurope.eu\/es\/mesl\/"]}]},{"@type":"BreadcrumbList","@id":"https:\/\/www.monexeurope.eu\/es\/mesl\/#breadcrumb","itemListElement":[{"@type":"ListItem","position":1,"name":"Home","item":"https:\/\/www.monexeurope.eu\/es\/"},{"@type":"ListItem","position":2,"name":"Monex Europa S.L."}]},{"@type":"WebSite","@id":"https:\/\/www.monexeurope.eu\/es\/#website","url":"https:\/\/www.monexeurope.eu\/es\/","name":"Monex Europe S.A. - Spanish","description":"Just another My Sites site.","potentialAction":[{"@type":"SearchAction","target":{"@type":"EntryPoint","urlTemplate":"https:\/\/www.monexeurope.eu\/es\/?s={search_term_string}"},"query-input":{"@type":"PropertyValueSpecification","valueRequired":true,"valueName":"search_term_string"}}],"inLanguage":"es"}]}},"publishpress_future_action":{"enabled":false,"date":"2026-05-22 20:18:07","action":"change-status","newStatus":"draft","terms":[],"taxonomy":"","extraData":[]},"publishpress_future_workflow_manual_trigger":{"enabledWorkflows":[]},"_links":{"self":[{"href":"https:\/\/www.monexeurope.eu\/es\/wp-json\/wp\/v2\/pages\/39213","targetHints":{"allow":["GET"]}}],"collection":[{"href":"https:\/\/www.monexeurope.eu\/es\/wp-json\/wp\/v2\/pages"}],"about":[{"href":"https:\/\/www.monexeurope.eu\/es\/wp-json\/wp\/v2\/types\/page"}],"author":[{"embeddable":true,"href":"https:\/\/www.monexeurope.eu\/es\/wp-json\/wp\/v2\/users\/2"}],"replies":[{"embeddable":true,"href":"https:\/\/www.monexeurope.eu\/es\/wp-json\/wp\/v2\/comments?post=39213"}],"version-history":[{"count":14,"href":"https:\/\/www.monexeurope.eu\/es\/wp-json\/wp\/v2\/pages\/39213\/revisions"}],"predecessor-version":[{"id":40099,"href":"https:\/\/www.monexeurope.eu\/es\/wp-json\/wp\/v2\/pages\/39213\/revisions\/40099"}],"wp:attachment":[{"href":"https:\/\/www.monexeurope.eu\/es\/wp-json\/wp\/v2\/media?parent=39213"}],"curies":[{"name":"wp","href":"https:\/\/api.w.org\/{rel}","templated":true}]}}