{"id":39136,"date":"2024-10-22T11:00:15","date_gmt":"2024-10-22T10:00:15","guid":{"rendered":"https:\/\/www.monexeurope.eu\/es-dev\/?page_id=39136"},"modified":"2025-01-27T10:58:04","modified_gmt":"2025-01-27T10:58:04","slug":"home-3","status":"publish","type":"page","link":"https:\/\/www.monexeurope.eu\/es\/","title":{"rendered":"Inicio"},"content":{"rendered":"<p>[et_pb_section fb_built=\u00bb1&#8243; module_class=\u00bblanding-page\u00bb _builder_version=\u00bb4.25.2&#8243; _module_preset=\u00bbdefault\u00bb background_image=\u00bbhttps:\/\/www.monexeurope.eu\/es-dev\/wp-content\/uploads\/sites\/3\/2024\/05\/Abstract-building-5.jpg\u00bb da_disable_devices=\u00bboff|off|off\u00bb global_colors_info=\u00bb{}\u00bb da_is_popup=\u00bboff\u00bb da_exit_intent=\u00bboff\u00bb da_has_close=\u00bbon\u00bb da_alt_close=\u00bboff\u00bb da_dark_close=\u00bboff\u00bb da_not_modal=\u00bbon\u00bb da_is_singular=\u00bboff\u00bb da_with_loader=\u00bboff\u00bb da_has_shadow=\u00bbon\u00bb][et_pb_row column_structure=\u00bb1_2,1_2&#8243; use_custom_gutter=\u00bbon\u00bb gutter_width=\u00bb2&#8243; make_equal=\u00bbon\u00bb module_class=\u00bbhome-boxes\u00bb _builder_version=\u00bb4.27.4&#8243; global_colors_info=\u00bb{}\u00bb][et_pb_column type=\u00bb1_2&#8243; _builder_version=\u00bb4.16&#8243; custom_padding=\u00bb|||\u00bb global_colors_info=\u00bb{}\u00bb custom_padding__hover=\u00bb|||\u00bb][et_pb_image src=\u00bbhttps:\/\/www.monexeurope.eu\/es-dev\/wp-content\/uploads\/sites\/3\/2024\/10\/MESL-home.png\u00bb title_text=\u00bbMESL home\u00bb force_fullwidth=\u00bbon\u00bb _builder_version=\u00bb4.27.0&#8243; _module_preset=\u00bbdefault\u00bb global_colors_info=\u00bb{}\u00bb][\/et_pb_image][et_pb_text admin_label=\u00bbMonex Europa S.L.\u00bb _builder_version=\u00bb4.27.4&#8243; animation_style=\u00bbfade\u00bb hover_enabled=\u00bb0&#8243; global_colors_info=\u00bb{}\u00bb sticky_enabled=\u00bb0&#8243;]<\/p>\n<h5>Monex Europa S.L. <br \/>(\u201cMESL\u201d)<\/h5>\n<p>Con sede en Espa\u00f1a, Monex Europa S.L. es una entidad de pago autorizada y regulada que ofrece soluciones de gesti\u00f3n del riesgo cambiario y servicios de pago globales como:<\/p>\n<p>Transacciones al contado<br \/>Contratos a plazo o forward<br \/>Pagos internacionales de divisas<\/p>\n<p>[\/et_pb_text][et_pb_button button_url=\u00bb@ET-DC@eyJkeW5hbWljIjp0cnVlLCJjb250ZW50IjoicG9zdF9saW5rX3VybF9wYWdlIiwic2V0dGluZ3MiOnsicG9zdF9pZCI6IjM5MjEzIn19@\u00bb url_new_window=\u00bbon\u00bb button_text=\u00bbIntroducir sitio web\u00bb button_alignment=\u00bbcenter\u00bb _builder_version=\u00bb4.27.3&#8243; _dynamic_attributes=\u00bbbutton_url\u00bb _module_preset=\u00bbdefault\u00bb global_colors_info=\u00bb{}\u00bb][\/et_pb_button][\/et_pb_column][et_pb_column type=\u00bb1_2&#8243; _builder_version=\u00bb4.16&#8243; custom_padding=\u00bb|||\u00bb global_colors_info=\u00bb{}\u00bb custom_padding__hover=\u00bb|||\u00bb][et_pb_image src=\u00bbhttps:\/\/www.monexeurope.eu\/es-dev\/wp-content\/uploads\/sites\/3\/2022\/05\/contact-spain.jpg\u00bb title_text=\u00bbcontact-spain\u00bb force_fullwidth=\u00bbon\u00bb _builder_version=\u00bb4.16&#8243; _module_preset=\u00bbdefault\u00bb global_colors_info=\u00bb{}\u00bb][\/et_pb_image][et_pb_text admin_label=\u00bbMonex Europe Markets, S.V.\u00bb _builder_version=\u00bb4.27.3&#8243; animation_style=\u00bbfade\u00bb global_colors_info=\u00bb{}\u00bb]<\/p>\n<h5>Monex Europe Markets S.V., S.A.U. (\u201cMEMSV\u201d)<\/h5>\n<p>Monex Europe Markets S.V. est\u00e1 autorizada y regulada como sociedad de valores en Espa\u00f1a, y ofrece una gama de soluciones de cobertura y gesti\u00f3n de riesgos cambiario a clientes profesionales como:<\/p>\n<p>Soluciones de cobertura de divisas<br \/>Productos derivados de divisas<br \/>NDF y Contratos a plazo<\/p>\n<p>[\/et_pb_text][et_pb_button button_url=\u00bb@ET-DC@eyJkeW5hbWljIjp0cnVlLCJjb250ZW50IjoicG9zdF9saW5rX3VybF9wYWdlIiwic2V0dGluZ3MiOnsicG9zdF9pZCI6IjM5MjcwIn19@\u00bb url_new_window=\u00bbon\u00bb button_text=\u00bbIntroducir sitio web\u00bb button_alignment=\u00bbcenter\u00bb _builder_version=\u00bb4.27.3&#8243; _dynamic_attributes=\u00bbbutton_url\u00bb _module_preset=\u00bbdefault\u00bb global_colors_info=\u00bb{}\u00bb][\/et_pb_button][\/et_pb_column][\/et_pb_row][\/et_pb_section]<\/p>\n","protected":false},"excerpt":{"rendered":"<p>Monex Europa S.L. (\u201cMESL\u201d) Con sede en Espa\u00f1a, Monex Europa S.L. es una entidad de pago autorizada y regulada que ofrece soluciones de gesti\u00f3n del riesgo cambiario y servicios de pago globales como: Transacciones al contadoContratos a plazo o forwardPagos internacionales de divisasMonex Europe Markets S.V., S.A.U. (\u201cMEMSV\u201d) Monex Europe Markets S.V. est\u00e1 autorizada y [&hellip;]<\/p>\n","protected":false},"author":2,"featured_media":0,"parent":0,"menu_order":0,"comment_status":"closed","ping_status":"closed","template":"","meta":{"_acf_changed":false,"_et_pb_use_builder":"on","_et_pb_old_content":"","_et_gb_content_width":"","footnotes":""},"class_list":["post-39136","page","type-page","status-publish","hentry"],"acf":[],"yoast_head":"<!-- This site is optimized with the Yoast SEO plugin v27.5 - https:\/\/yoast.com\/product\/yoast-seo-wordpress\/ -->\n<title>Especialistas en Divisas Comerciales | Monex Europe Holdings Limited<\/title>\n<meta name=\"robots\" content=\"index, follow, max-snippet:-1, max-image-preview:large, max-video-preview:-1\" \/>\n<link rel=\"canonical\" href=\"https:\/\/www.monexeurope.eu\/es\/\" \/>\n<meta property=\"og:locale\" content=\"es_ES\" \/>\n<meta property=\"og:type\" content=\"article\" \/>\n<meta property=\"og:title\" content=\"Especialistas en Divisas Comerciales | Monex Europe Holdings Limited\" \/>\n<meta property=\"og:description\" content=\"Monex Europa S.L. (\u201cMESL\u201d) Con sede en Espa\u00f1a, Monex Europa S.L. es una entidad de pago autorizada y regulada que ofrece soluciones de gesti\u00f3n del riesgo cambiario y servicios de pago globales como: Transacciones al contadoContratos a plazo o forwardPagos internacionales de divisasMonex Europe Markets S.V., S.A.U. (\u201cMEMSV\u201d) Monex Europe Markets S.V. est\u00e1 autorizada y [&hellip;]\" \/>\n<meta property=\"og:url\" content=\"https:\/\/www.monexeurope.eu\/es\/\" \/>\n<meta property=\"og:site_name\" content=\"Monex Europe S.A. - Spanish\" \/>\n<meta property=\"article:modified_time\" content=\"2025-01-27T10:58:04+00:00\" \/>\n<meta name=\"twitter:card\" content=\"summary_large_image\" \/>\n<meta name=\"twitter:label1\" content=\"Tiempo de lectura\" \/>\n\t<meta name=\"twitter:data1\" content=\"1 minuto\" \/>\n<script type=\"application\/ld+json\" class=\"yoast-schema-graph\">{\"@context\":\"https:\\\/\\\/schema.org\",\"@graph\":[{\"@type\":\"WebPage\",\"@id\":\"https:\\\/\\\/www.monexeurope.eu\\\/es\\\/\",\"url\":\"https:\\\/\\\/www.monexeurope.eu\\\/es\\\/\",\"name\":\"Especialistas en Divisas Comerciales | Monex Europe Holdings Limited\",\"isPartOf\":{\"@id\":\"https:\\\/\\\/www.monexeurope.eu\\\/es\\\/#website\"},\"datePublished\":\"2024-10-22T10:00:15+00:00\",\"dateModified\":\"2025-01-27T10:58:04+00:00\",\"breadcrumb\":{\"@id\":\"https:\\\/\\\/www.monexeurope.eu\\\/es\\\/#breadcrumb\"},\"inLanguage\":\"es\",\"potentialAction\":[{\"@type\":\"ReadAction\",\"target\":[\"https:\\\/\\\/www.monexeurope.eu\\\/es\\\/\"]}]},{\"@type\":\"BreadcrumbList\",\"@id\":\"https:\\\/\\\/www.monexeurope.eu\\\/es\\\/#breadcrumb\",\"itemListElement\":[{\"@type\":\"ListItem\",\"position\":1,\"name\":\"Home\",\"item\":\"https:\\\/\\\/www.monexeurope.eu\\\/es\\\/\"},{\"@type\":\"ListItem\",\"position\":2,\"name\":\"Inicio\"}]},{\"@type\":\"WebSite\",\"@id\":\"https:\\\/\\\/www.monexeurope.eu\\\/es\\\/#website\",\"url\":\"https:\\\/\\\/www.monexeurope.eu\\\/es\\\/\",\"name\":\"Monex Europe S.A. - Spanish\",\"description\":\"Just another My Sites site.\",\"potentialAction\":[{\"@type\":\"SearchAction\",\"target\":{\"@type\":\"EntryPoint\",\"urlTemplate\":\"https:\\\/\\\/www.monexeurope.eu\\\/es\\\/?s={search_term_string}\"},\"query-input\":{\"@type\":\"PropertyValueSpecification\",\"valueRequired\":true,\"valueName\":\"search_term_string\"}}],\"inLanguage\":\"es\"}]}<\/script>\n<!-- \/ Yoast SEO plugin. -->","yoast_head_json":{"title":"Especialistas en Divisas Comerciales | Monex Europe Holdings Limited","robots":{"index":"index","follow":"follow","max-snippet":"max-snippet:-1","max-image-preview":"max-image-preview:large","max-video-preview":"max-video-preview:-1"},"canonical":"https:\/\/www.monexeurope.eu\/es\/","og_locale":"es_ES","og_type":"article","og_title":"Especialistas en Divisas Comerciales | Monex Europe Holdings Limited","og_description":"Monex Europa S.L. (\u201cMESL\u201d) Con sede en Espa\u00f1a, Monex Europa S.L. es una entidad de pago autorizada y regulada que ofrece soluciones de gesti\u00f3n del riesgo cambiario y servicios de pago globales como: Transacciones al contadoContratos a plazo o forwardPagos internacionales de divisasMonex Europe Markets S.V., S.A.U. (\u201cMEMSV\u201d) Monex Europe Markets S.V. est\u00e1 autorizada y [&hellip;]","og_url":"https:\/\/www.monexeurope.eu\/es\/","og_site_name":"Monex Europe S.A. - Spanish","article_modified_time":"2025-01-27T10:58:04+00:00","twitter_card":"summary_large_image","twitter_misc":{"Tiempo de lectura":"1 minuto"},"schema":{"@context":"https:\/\/schema.org","@graph":[{"@type":"WebPage","@id":"https:\/\/www.monexeurope.eu\/es\/","url":"https:\/\/www.monexeurope.eu\/es\/","name":"Especialistas en Divisas Comerciales | Monex Europe Holdings Limited","isPartOf":{"@id":"https:\/\/www.monexeurope.eu\/es\/#website"},"datePublished":"2024-10-22T10:00:15+00:00","dateModified":"2025-01-27T10:58:04+00:00","breadcrumb":{"@id":"https:\/\/www.monexeurope.eu\/es\/#breadcrumb"},"inLanguage":"es","potentialAction":[{"@type":"ReadAction","target":["https:\/\/www.monexeurope.eu\/es\/"]}]},{"@type":"BreadcrumbList","@id":"https:\/\/www.monexeurope.eu\/es\/#breadcrumb","itemListElement":[{"@type":"ListItem","position":1,"name":"Home","item":"https:\/\/www.monexeurope.eu\/es\/"},{"@type":"ListItem","position":2,"name":"Inicio"}]},{"@type":"WebSite","@id":"https:\/\/www.monexeurope.eu\/es\/#website","url":"https:\/\/www.monexeurope.eu\/es\/","name":"Monex Europe S.A. - Spanish","description":"Just another My Sites site.","potentialAction":[{"@type":"SearchAction","target":{"@type":"EntryPoint","urlTemplate":"https:\/\/www.monexeurope.eu\/es\/?s={search_term_string}"},"query-input":{"@type":"PropertyValueSpecification","valueRequired":true,"valueName":"search_term_string"}}],"inLanguage":"es"}]}},"publishpress_future_action":{"enabled":false,"date":"2026-05-28 14:39:23","action":"change-status","newStatus":"draft","terms":[],"taxonomy":"","extraData":[]},"publishpress_future_workflow_manual_trigger":{"enabledWorkflows":[]},"_links":{"self":[{"href":"https:\/\/www.monexeurope.eu\/es\/wp-json\/wp\/v2\/pages\/39136","targetHints":{"allow":["GET"]}}],"collection":[{"href":"https:\/\/www.monexeurope.eu\/es\/wp-json\/wp\/v2\/pages"}],"about":[{"href":"https:\/\/www.monexeurope.eu\/es\/wp-json\/wp\/v2\/types\/page"}],"author":[{"embeddable":true,"href":"https:\/\/www.monexeurope.eu\/es\/wp-json\/wp\/v2\/users\/2"}],"replies":[{"embeddable":true,"href":"https:\/\/www.monexeurope.eu\/es\/wp-json\/wp\/v2\/comments?post=39136"}],"version-history":[{"count":14,"href":"https:\/\/www.monexeurope.eu\/es\/wp-json\/wp\/v2\/pages\/39136\/revisions"}],"predecessor-version":[{"id":39802,"href":"https:\/\/www.monexeurope.eu\/es\/wp-json\/wp\/v2\/pages\/39136\/revisions\/39802"}],"wp:attachment":[{"href":"https:\/\/www.monexeurope.eu\/es\/wp-json\/wp\/v2\/media?parent=39136"}],"curies":[{"name":"wp","href":"https:\/\/api.w.org\/{rel}","templated":true}]}}